{"id":46463,"date":"2024-09-27T11:03:35","date_gmt":"2024-09-27T11:03:35","guid":{"rendered":"https:\/\/euhouse.mk\/tetovo\/"},"modified":"2024-10-04T13:22:32","modified_gmt":"2024-10-04T13:22:32","slug":"tetovo","status":"publish","type":"page","link":"https:\/\/europehouse.mk\/sq\/offices\/tetovo\/","title":{"rendered":"TETOVO"},"content":{"rendered":"<p>Sht\u00ebpia e Europ\u00ebs Tetov\u00eb \u00ebsht\u00eb nj\u00eb qend\u00ebr e gjall\u00eb rinore q\u00eb ofron nj\u00eb hap\u00ebsir\u00eb ku t\u00eb rinjt\u00eb mund t\u00eb ndajn\u00eb ide, t\u00eb takojn\u00eb miq t\u00eb rinj dhe t\u00eb p\u00ebrfshihen n\u00eb komunitet. Ajo sh\u00ebrben si qend\u00ebr p\u00ebr ngjarje kulturore, pun\u00ebtori dhe diskutime, duke nxitur kreativitetin dhe bashk\u00ebpunimin mes t\u00eb rinjve. Duke ofruar mund\u00ebsi t\u00eb ndryshme, Sht\u00ebpia e Evrop\u00ebs u ndihmon t\u00eb rinjve t\u00eb eksplorojn\u00eb perspektiva t\u00eb reja, t\u00eb lidhen me iniciativat vendore dhe nd\u00ebrkomb\u00ebtare dhe t\u00eb q\u00ebndrojn\u00eb t\u00eb informuar p\u00ebr ngjarjet kulturore n\u00eb Tetov\u00eb. \u00cbsht\u00eb nj\u00eb vend ku idet\u00eb b\u00ebhen realitet dhe z\u00ebrat e brezit t\u00eb ardhsh\u00ebm d\u00ebgjohen.<\/p>\n","protected":false},"excerpt":{"rendered":"<p>Sht\u00ebpia e Europ\u00ebs Tetov\u00eb \u00ebsht\u00eb nj\u00eb qend\u00ebr e gjall\u00eb rinore q\u00eb ofron nj\u00eb hap\u00ebsir\u00eb ku t\u00eb rinjt\u00eb mund t\u00eb ndajn\u00eb ide, t\u00eb takojn\u00eb miq t\u00eb rinj dhe t\u00eb p\u00ebrfshihen n\u00eb komunitet. Ajo sh\u00ebrben si qend\u00ebr p\u00ebr ngjarje kulturore, pun\u00ebtori dhe diskutime, duke nxitur kreativitetin dhe bashk\u00ebpunimin mes t\u00eb rinjve. Duke ofruar mund\u00ebsi t\u00eb ndryshme, Sht\u00ebpia [&hellip;]<\/p>\n","protected":false},"author":4,"featured_media":47222,"parent":46474,"menu_order":61,"comment_status":"closed","ping_status":"closed","template":"page-templates\/simple-inner-template.php","meta":{"inline_featured_image":false,"footnotes":""},"class_list":["post-46463","page","type-page","status-publish","has-post-thumbnail","hentry"],"yoast_head":"<!-- This site is optimized with the Yoast SEO plugin v27.2 - https:\/\/yoast.com\/product\/yoast-seo-wordpress\/ -->\n<title>TETOVO - Europe House<\/title>\n<meta name=\"robots\" content=\"index, follow, max-snippet:-1, max-image-preview:large, max-video-preview:-1\" \/>\n<link rel=\"canonical\" href=\"https:\/\/europehouse.mksq\/offices\/tetovo\/\" \/>\n<meta property=\"og:locale\" content=\"sq_AL\" \/>\n<meta property=\"og:type\" content=\"article\" \/>\n<meta property=\"og:title\" content=\"TETOVO - Europe House\" \/>\n<meta property=\"og:description\" content=\"Sht\u00ebpia e Europ\u00ebs Tetov\u00eb \u00ebsht\u00eb nj\u00eb qend\u00ebr e gjall\u00eb rinore q\u00eb ofron nj\u00eb hap\u00ebsir\u00eb ku t\u00eb rinjt\u00eb mund t\u00eb ndajn\u00eb ide, t\u00eb takojn\u00eb miq t\u00eb rinj dhe t\u00eb p\u00ebrfshihen n\u00eb komunitet. Ajo sh\u00ebrben si qend\u00ebr p\u00ebr ngjarje kulturore, pun\u00ebtori dhe diskutime, duke nxitur kreativitetin dhe bashk\u00ebpunimin mes t\u00eb rinjve. Duke ofruar mund\u00ebsi t\u00eb ndryshme, Sht\u00ebpia [&hellip;]\" \/>\n<meta property=\"og:url\" content=\"https:\/\/europehouse.mksq\/offices\/tetovo\/\" \/>\n<meta property=\"og:site_name\" content=\"Europe House\" \/>\n<meta property=\"article:modified_time\" content=\"2024-10-04T13:22:32+00:00\" \/>\n<meta property=\"og:image\" content=\"https:\/\/europehouse.mkwp-content\/uploads\/2024\/10\/Europe-House-Tetovo-4.jpg\" \/>\n\t<meta property=\"og:image:width\" content=\"1600\" \/>\n\t<meta property=\"og:image:height\" content=\"900\" \/>\n\t<meta property=\"og:image:type\" content=\"image\/jpeg\" \/>\n<meta name=\"twitter:card\" content=\"summary_large_image\" \/>\n<meta name=\"twitter:label1\" content=\"Est. reading time\" \/>\n\t<meta name=\"twitter:data1\" content=\"1 minute\" \/>\n<script type=\"application\/ld+json\" class=\"yoast-schema-graph\">{\"@context\":\"https:\/\/schema.org\",\"@graph\":[{\"@type\":\"WebPage\",\"@id\":\"https:\/\/europehouse.mksq\/offices\/tetovo\/\",\"url\":\"https:\/\/europehouse.mksq\/offices\/tetovo\/\",\"name\":\"TETOVO - Europe House\",\"isPartOf\":{\"@id\":\"https:\/\/europehouse.mk\/#website\"},\"primaryImageOfPage\":{\"@id\":\"https:\/\/europehouse.mksq\/offices\/tetovo\/#primaryimage\"},\"image\":{\"@id\":\"https:\/\/europehouse.mksq\/offices\/tetovo\/#primaryimage\"},\"thumbnailUrl\":\"https:\/\/europehouse.mk\/wp-content\/uploads\/2024\/10\/Europe-House-Tetovo-4.jpg\",\"datePublished\":\"2024-09-27T11:03:35+00:00\",\"dateModified\":\"2024-10-04T13:22:32+00:00\",\"breadcrumb\":{\"@id\":\"https:\/\/europehouse.mksq\/offices\/tetovo\/#breadcrumb\"},\"inLanguage\":\"sq-AL\",\"potentialAction\":[{\"@type\":\"ReadAction\",\"target\":[\"https:\/\/europehouse.mksq\/offices\/tetovo\/\"]}]},{\"@type\":\"ImageObject\",\"inLanguage\":\"sq-AL\",\"@id\":\"https:\/\/europehouse.mksq\/offices\/tetovo\/#primaryimage\",\"url\":\"https:\/\/europehouse.mk\/wp-content\/uploads\/2024\/10\/Europe-House-Tetovo-4.jpg\",\"contentUrl\":\"https:\/\/europehouse.mk\/wp-content\/uploads\/2024\/10\/Europe-House-Tetovo-4.jpg\",\"width\":1600,\"height\":900},{\"@type\":\"BreadcrumbList\",\"@id\":\"https:\/\/europehouse.mksq\/offices\/tetovo\/#breadcrumb\",\"itemListElement\":[{\"@type\":\"ListItem\",\"position\":1,\"name\":\"Offices\",\"item\":\"https:\/\/europehouse.mksq\/offices\/\"},{\"@type\":\"ListItem\",\"position\":2,\"name\":\"TETOVO\"}]},{\"@type\":\"WebSite\",\"@id\":\"https:\/\/europehouse.mk\/#website\",\"url\":\"https:\/\/europehouse.mk\/\",\"name\":\"Europe House\",\"description\":\"\u0422\u0443\u043a\u0430 \u0437\u0430 \u043c\u043b\u0430\u0434\u0438\u0442\u0435\",\"publisher\":{\"@id\":\"https:\/\/europehouse.mk\/#organization\"},\"potentialAction\":[{\"@type\":\"SearchAction\",\"target\":{\"@type\":\"EntryPoint\",\"urlTemplate\":\"https:\/\/europehouse.mk\/?s={search_term_string}\"},\"query-input\":{\"@type\":\"PropertyValueSpecification\",\"valueRequired\":true,\"valueName\":\"search_term_string\"}}],\"inLanguage\":\"sq-AL\"},{\"@type\":\"Organization\",\"@id\":\"https:\/\/europehouse.mk\/#organization\",\"name\":\"Europe House\",\"url\":\"https:\/\/europehouse.mk\/\",\"logo\":{\"@type\":\"ImageObject\",\"inLanguage\":\"sq-AL\",\"@id\":\"https:\/\/europehouse.mk\/#\/schema\/logo\/image\/\",\"url\":\"https:\/\/europehouse.mk\/wp-content\/uploads\/2025\/11\/cropped-EUROPE-HOUSE-FB-Profile-Picture-redisign-1-1.jpg\",\"contentUrl\":\"https:\/\/europehouse.mk\/wp-content\/uploads\/2025\/11\/cropped-EUROPE-HOUSE-FB-Profile-Picture-redisign-1-1.jpg\",\"width\":2246,\"height\":620,\"caption\":\"Europe House\"},\"image\":{\"@id\":\"https:\/\/europehouse.mk\/#\/schema\/logo\/image\/\"}}]}<\/script>\n<!-- \/ Yoast SEO plugin. -->","yoast_head_json":{"title":"TETOVO - Europe House","robots":{"index":"index","follow":"follow","max-snippet":"max-snippet:-1","max-image-preview":"max-image-preview:large","max-video-preview":"max-video-preview:-1"},"canonical":"https:\/\/europehouse.mksq\/offices\/tetovo\/","og_locale":"sq_AL","og_type":"article","og_title":"TETOVO - Europe House","og_description":"Sht\u00ebpia e Europ\u00ebs Tetov\u00eb \u00ebsht\u00eb nj\u00eb qend\u00ebr e gjall\u00eb rinore q\u00eb ofron nj\u00eb hap\u00ebsir\u00eb ku t\u00eb rinjt\u00eb mund t\u00eb ndajn\u00eb ide, t\u00eb takojn\u00eb miq t\u00eb rinj dhe t\u00eb p\u00ebrfshihen n\u00eb komunitet. Ajo sh\u00ebrben si qend\u00ebr p\u00ebr ngjarje kulturore, pun\u00ebtori dhe diskutime, duke nxitur kreativitetin dhe bashk\u00ebpunimin mes t\u00eb rinjve. Duke ofruar mund\u00ebsi t\u00eb ndryshme, Sht\u00ebpia [&hellip;]","og_url":"https:\/\/europehouse.mksq\/offices\/tetovo\/","og_site_name":"Europe House","article_modified_time":"2024-10-04T13:22:32+00:00","og_image":[{"width":1600,"height":900,"url":"https:\/\/europehouse.mkwp-content\/uploads\/2024\/10\/Europe-House-Tetovo-4.jpg","type":"image\/jpeg"}],"twitter_card":"summary_large_image","twitter_misc":{"Est. reading time":"1 minute"},"schema":{"@context":"https:\/\/schema.org","@graph":[{"@type":"WebPage","@id":"https:\/\/europehouse.mksq\/offices\/tetovo\/","url":"https:\/\/europehouse.mksq\/offices\/tetovo\/","name":"TETOVO - Europe House","isPartOf":{"@id":"https:\/\/europehouse.mk\/#website"},"primaryImageOfPage":{"@id":"https:\/\/europehouse.mksq\/offices\/tetovo\/#primaryimage"},"image":{"@id":"https:\/\/europehouse.mksq\/offices\/tetovo\/#primaryimage"},"thumbnailUrl":"https:\/\/europehouse.mk\/wp-content\/uploads\/2024\/10\/Europe-House-Tetovo-4.jpg","datePublished":"2024-09-27T11:03:35+00:00","dateModified":"2024-10-04T13:22:32+00:00","breadcrumb":{"@id":"https:\/\/europehouse.mksq\/offices\/tetovo\/#breadcrumb"},"inLanguage":"sq-AL","potentialAction":[{"@type":"ReadAction","target":["https:\/\/europehouse.mksq\/offices\/tetovo\/"]}]},{"@type":"ImageObject","inLanguage":"sq-AL","@id":"https:\/\/europehouse.mksq\/offices\/tetovo\/#primaryimage","url":"https:\/\/europehouse.mk\/wp-content\/uploads\/2024\/10\/Europe-House-Tetovo-4.jpg","contentUrl":"https:\/\/europehouse.mk\/wp-content\/uploads\/2024\/10\/Europe-House-Tetovo-4.jpg","width":1600,"height":900},{"@type":"BreadcrumbList","@id":"https:\/\/europehouse.mksq\/offices\/tetovo\/#breadcrumb","itemListElement":[{"@type":"ListItem","position":1,"name":"Offices","item":"https:\/\/europehouse.mksq\/offices\/"},{"@type":"ListItem","position":2,"name":"TETOVO"}]},{"@type":"WebSite","@id":"https:\/\/europehouse.mk\/#website","url":"https:\/\/europehouse.mk\/","name":"Europe House","description":"\u0422\u0443\u043a\u0430 \u0437\u0430 \u043c\u043b\u0430\u0434\u0438\u0442\u0435","publisher":{"@id":"https:\/\/europehouse.mk\/#organization"},"potentialAction":[{"@type":"SearchAction","target":{"@type":"EntryPoint","urlTemplate":"https:\/\/europehouse.mk\/?s={search_term_string}"},"query-input":{"@type":"PropertyValueSpecification","valueRequired":true,"valueName":"search_term_string"}}],"inLanguage":"sq-AL"},{"@type":"Organization","@id":"https:\/\/europehouse.mk\/#organization","name":"Europe House","url":"https:\/\/europehouse.mk\/","logo":{"@type":"ImageObject","inLanguage":"sq-AL","@id":"https:\/\/europehouse.mk\/#\/schema\/logo\/image\/","url":"https:\/\/europehouse.mk\/wp-content\/uploads\/2025\/11\/cropped-EUROPE-HOUSE-FB-Profile-Picture-redisign-1-1.jpg","contentUrl":"https:\/\/europehouse.mk\/wp-content\/uploads\/2025\/11\/cropped-EUROPE-HOUSE-FB-Profile-Picture-redisign-1-1.jpg","width":2246,"height":620,"caption":"Europe House"},"image":{"@id":"https:\/\/europehouse.mk\/#\/schema\/logo\/image\/"}}]}},"_links":{"self":[{"href":"https:\/\/europehouse.mk\/sq\/wp-json\/wp\/v2\/pages\/46463","targetHints":{"allow":["GET"]}}],"collection":[{"href":"https:\/\/europehouse.mk\/sq\/wp-json\/wp\/v2\/pages"}],"about":[{"href":"https:\/\/europehouse.mk\/sq\/wp-json\/wp\/v2\/types\/page"}],"author":[{"embeddable":true,"href":"https:\/\/europehouse.mk\/sq\/wp-json\/wp\/v2\/users\/4"}],"replies":[{"embeddable":true,"href":"https:\/\/europehouse.mk\/sq\/wp-json\/wp\/v2\/comments?post=46463"}],"version-history":[{"count":7,"href":"https:\/\/europehouse.mk\/sq\/wp-json\/wp\/v2\/pages\/46463\/revisions"}],"predecessor-version":[{"id":47448,"href":"https:\/\/europehouse.mk\/sq\/wp-json\/wp\/v2\/pages\/46463\/revisions\/47448"}],"up":[{"embeddable":true,"href":"https:\/\/europehouse.mk\/sq\/wp-json\/wp\/v2\/pages\/46474"}],"wp:featuredmedia":[{"embeddable":true,"href":"https:\/\/europehouse.mk\/sq\/wp-json\/wp\/v2\/media\/47222"}],"wp:attachment":[{"href":"https:\/\/europehouse.mk\/sq\/wp-json\/wp\/v2\/media?parent=46463"}],"curies":[{"name":"wp","href":"https:\/\/api.w.org\/{rel}","templated":true}]}}