{"id":13659,"date":"2022-02-15T10:53:32","date_gmt":"2022-02-15T10:53:32","guid":{"rendered":"https:\/\/www.euhouse.mk\/europe-house-in-strumica\/"},"modified":"2024-10-04T13:20:46","modified_gmt":"2024-10-04T13:20:46","slug":"europe-house-in-strumica","status":"publish","type":"page","link":"https:\/\/europehouse.mk\/sq\/offices\/europe-house-in-strumica\/","title":{"rendered":"STRUMIC\u00cb"},"content":{"rendered":"\r\n<p>Europe Houses\u00a0Strumica \u00ebsht\u00eb krijuar p\u00ebr t\u00eb p\u00ebrmbushur nevojat e t\u00eb rinjve nga rajonet p\u00ebrkat\u00ebse dhe p\u00ebr t&#8217;u ofruar mund\u00ebsi t\u00eb rinjve p\u00ebr t\u00eb zhvilluar mendimin e tyre kritik, debatin dhe rrjet\u00ebzimin. Qendra tashm\u00eb \u00ebsht\u00eb nj\u00eb destinacion \u201cgo-to\u201d p\u00ebr t\u00eb rinjt\u00eb q\u00eb realizojn\u00eb evente me karakter evropian. Iniciativat frym\u00ebzojn\u00eb brezin e ri p\u00ebr t\u00eb qen\u00eb qytetar\u00eb t\u00eb informuar, t\u00eb hapur dhe aktiv\u00eb q\u00eb form\u00ebsojn\u00eb shoq\u00ebrin\u00eb dhe inkurajojn\u00eb ndikimin.<\/p>\r\n<p>.\u00a0<\/p>\r\n","protected":false},"excerpt":{"rendered":"<p>Europe Houses\u00a0Strumica \u00ebsht\u00eb krijuar p\u00ebr t\u00eb p\u00ebrmbushur nevojat e t\u00eb rinjve nga rajonet p\u00ebrkat\u00ebse dhe p\u00ebr t&#8217;u ofruar mund\u00ebsi t\u00eb rinjve p\u00ebr t\u00eb zhvilluar mendimin e tyre kritik, debatin dhe rrjet\u00ebzimin. Qendra tashm\u00eb \u00ebsht\u00eb nj\u00eb destinacion \u201cgo-to\u201d p\u00ebr t\u00eb rinjt\u00eb q\u00eb realizojn\u00eb evente me karakter evropian. Iniciativat frym\u00ebzojn\u00eb brezin e ri p\u00ebr t\u00eb qen\u00eb qytetar\u00eb [&hellip;]<\/p>\n","protected":false},"author":2,"featured_media":52715,"parent":46474,"menu_order":49,"comment_status":"closed","ping_status":"closed","template":"page-templates\/simple-inner-template.php","meta":{"inline_featured_image":false,"footnotes":""},"class_list":["post-13659","page","type-page","status-publish","has-post-thumbnail","hentry"],"yoast_head":"<!-- This site is optimized with the Yoast SEO plugin v27.2 - https:\/\/yoast.com\/product\/yoast-seo-wordpress\/ -->\n<title>STRUMIC\u00cb - Europe House<\/title>\n<meta name=\"robots\" content=\"index, follow, max-snippet:-1, max-image-preview:large, max-video-preview:-1\" \/>\n<link rel=\"canonical\" href=\"https:\/\/europehouse.mksq\/offices\/europe-house-in-strumica\/\" \/>\n<meta property=\"og:locale\" content=\"sq_AL\" \/>\n<meta property=\"og:type\" content=\"article\" \/>\n<meta property=\"og:title\" content=\"STRUMIC\u00cb - Europe House\" \/>\n<meta property=\"og:description\" content=\"Europe Houses\u00a0Strumica \u00ebsht\u00eb krijuar p\u00ebr t\u00eb p\u00ebrmbushur nevojat e t\u00eb rinjve nga rajonet p\u00ebrkat\u00ebse dhe p\u00ebr t&#8217;u ofruar mund\u00ebsi t\u00eb rinjve p\u00ebr t\u00eb zhvilluar mendimin e tyre kritik, debatin dhe rrjet\u00ebzimin. Qendra tashm\u00eb \u00ebsht\u00eb nj\u00eb destinacion \u201cgo-to\u201d p\u00ebr t\u00eb rinjt\u00eb q\u00eb realizojn\u00eb evente me karakter evropian. Iniciativat frym\u00ebzojn\u00eb brezin e ri p\u00ebr t\u00eb qen\u00eb qytetar\u00eb [&hellip;]\" \/>\n<meta property=\"og:url\" content=\"https:\/\/europehouse.mksq\/offices\/europe-house-in-strumica\/\" \/>\n<meta property=\"og:site_name\" content=\"Europe House\" \/>\n<meta property=\"article:modified_time\" content=\"2024-10-04T13:20:46+00:00\" \/>\n<meta property=\"og:image\" content=\"https:\/\/europehouse.mkwp-content\/uploads\/2022\/05\/KL-Studio-Europe-House-Strumica-02.jpg\" \/>\n\t<meta property=\"og:image:width\" content=\"1200\" \/>\n\t<meta property=\"og:image:height\" content=\"800\" \/>\n\t<meta property=\"og:image:type\" content=\"image\/jpeg\" \/>\n<meta name=\"twitter:card\" content=\"summary_large_image\" \/>\n<meta name=\"twitter:label1\" content=\"Est. reading time\" \/>\n\t<meta name=\"twitter:data1\" content=\"1 minute\" \/>\n<script type=\"application\/ld+json\" class=\"yoast-schema-graph\">{\"@context\":\"https:\/\/schema.org\",\"@graph\":[{\"@type\":\"WebPage\",\"@id\":\"https:\/\/europehouse.mksq\/offices\/europe-house-in-strumica\/\",\"url\":\"https:\/\/europehouse.mksq\/offices\/europe-house-in-strumica\/\",\"name\":\"STRUMIC\u00cb - Europe House\",\"isPartOf\":{\"@id\":\"https:\/\/europehouse.mk\/#website\"},\"primaryImageOfPage\":{\"@id\":\"https:\/\/europehouse.mksq\/offices\/europe-house-in-strumica\/#primaryimage\"},\"image\":{\"@id\":\"https:\/\/europehouse.mksq\/offices\/europe-house-in-strumica\/#primaryimage\"},\"thumbnailUrl\":\"https:\/\/europehouse.mk\/wp-content\/uploads\/2024\/12\/KL-Studio-Europe-House-Strumica-02.jpg\",\"datePublished\":\"2022-02-15T10:53:32+00:00\",\"dateModified\":\"2024-10-04T13:20:46+00:00\",\"breadcrumb\":{\"@id\":\"https:\/\/europehouse.mksq\/offices\/europe-house-in-strumica\/#breadcrumb\"},\"inLanguage\":\"sq-AL\",\"potentialAction\":[{\"@type\":\"ReadAction\",\"target\":[\"https:\/\/europehouse.mksq\/offices\/europe-house-in-strumica\/\"]}]},{\"@type\":\"ImageObject\",\"inLanguage\":\"sq-AL\",\"@id\":\"https:\/\/europehouse.mksq\/offices\/europe-house-in-strumica\/#primaryimage\",\"url\":\"https:\/\/europehouse.mk\/wp-content\/uploads\/2024\/12\/KL-Studio-Europe-House-Strumica-02.jpg\",\"contentUrl\":\"https:\/\/europehouse.mk\/wp-content\/uploads\/2024\/12\/KL-Studio-Europe-House-Strumica-02.jpg\",\"width\":1200,\"height\":800},{\"@type\":\"BreadcrumbList\",\"@id\":\"https:\/\/europehouse.mksq\/offices\/europe-house-in-strumica\/#breadcrumb\",\"itemListElement\":[{\"@type\":\"ListItem\",\"position\":1,\"name\":\"Offices\",\"item\":\"https:\/\/europehouse.mksq\/offices\/\"},{\"@type\":\"ListItem\",\"position\":2,\"name\":\"STRUMIC\u00cb\"}]},{\"@type\":\"WebSite\",\"@id\":\"https:\/\/europehouse.mk\/#website\",\"url\":\"https:\/\/europehouse.mk\/\",\"name\":\"Europe House\",\"description\":\"\u0422\u0443\u043a\u0430 \u0437\u0430 \u043c\u043b\u0430\u0434\u0438\u0442\u0435\",\"publisher\":{\"@id\":\"https:\/\/europehouse.mk\/#organization\"},\"potentialAction\":[{\"@type\":\"SearchAction\",\"target\":{\"@type\":\"EntryPoint\",\"urlTemplate\":\"https:\/\/europehouse.mk\/?s={search_term_string}\"},\"query-input\":{\"@type\":\"PropertyValueSpecification\",\"valueRequired\":true,\"valueName\":\"search_term_string\"}}],\"inLanguage\":\"sq-AL\"},{\"@type\":\"Organization\",\"@id\":\"https:\/\/europehouse.mk\/#organization\",\"name\":\"Europe House\",\"url\":\"https:\/\/europehouse.mk\/\",\"logo\":{\"@type\":\"ImageObject\",\"inLanguage\":\"sq-AL\",\"@id\":\"https:\/\/europehouse.mk\/#\/schema\/logo\/image\/\",\"url\":\"https:\/\/europehouse.mk\/wp-content\/uploads\/2025\/11\/cropped-EUROPE-HOUSE-FB-Profile-Picture-redisign-1-1.jpg\",\"contentUrl\":\"https:\/\/europehouse.mk\/wp-content\/uploads\/2025\/11\/cropped-EUROPE-HOUSE-FB-Profile-Picture-redisign-1-1.jpg\",\"width\":2246,\"height\":620,\"caption\":\"Europe House\"},\"image\":{\"@id\":\"https:\/\/europehouse.mk\/#\/schema\/logo\/image\/\"}}]}<\/script>\n<!-- \/ Yoast SEO plugin. -->","yoast_head_json":{"title":"STRUMIC\u00cb - Europe House","robots":{"index":"index","follow":"follow","max-snippet":"max-snippet:-1","max-image-preview":"max-image-preview:large","max-video-preview":"max-video-preview:-1"},"canonical":"https:\/\/europehouse.mksq\/offices\/europe-house-in-strumica\/","og_locale":"sq_AL","og_type":"article","og_title":"STRUMIC\u00cb - Europe House","og_description":"Europe Houses\u00a0Strumica \u00ebsht\u00eb krijuar p\u00ebr t\u00eb p\u00ebrmbushur nevojat e t\u00eb rinjve nga rajonet p\u00ebrkat\u00ebse dhe p\u00ebr t&#8217;u ofruar mund\u00ebsi t\u00eb rinjve p\u00ebr t\u00eb zhvilluar mendimin e tyre kritik, debatin dhe rrjet\u00ebzimin. Qendra tashm\u00eb \u00ebsht\u00eb nj\u00eb destinacion \u201cgo-to\u201d p\u00ebr t\u00eb rinjt\u00eb q\u00eb realizojn\u00eb evente me karakter evropian. Iniciativat frym\u00ebzojn\u00eb brezin e ri p\u00ebr t\u00eb qen\u00eb qytetar\u00eb [&hellip;]","og_url":"https:\/\/europehouse.mksq\/offices\/europe-house-in-strumica\/","og_site_name":"Europe House","article_modified_time":"2024-10-04T13:20:46+00:00","og_image":[{"width":1200,"height":800,"url":"https:\/\/europehouse.mkwp-content\/uploads\/2022\/05\/KL-Studio-Europe-House-Strumica-02.jpg","type":"image\/jpeg"}],"twitter_card":"summary_large_image","twitter_misc":{"Est. reading time":"1 minute"},"schema":{"@context":"https:\/\/schema.org","@graph":[{"@type":"WebPage","@id":"https:\/\/europehouse.mksq\/offices\/europe-house-in-strumica\/","url":"https:\/\/europehouse.mksq\/offices\/europe-house-in-strumica\/","name":"STRUMIC\u00cb - Europe House","isPartOf":{"@id":"https:\/\/europehouse.mk\/#website"},"primaryImageOfPage":{"@id":"https:\/\/europehouse.mksq\/offices\/europe-house-in-strumica\/#primaryimage"},"image":{"@id":"https:\/\/europehouse.mksq\/offices\/europe-house-in-strumica\/#primaryimage"},"thumbnailUrl":"https:\/\/europehouse.mk\/wp-content\/uploads\/2024\/12\/KL-Studio-Europe-House-Strumica-02.jpg","datePublished":"2022-02-15T10:53:32+00:00","dateModified":"2024-10-04T13:20:46+00:00","breadcrumb":{"@id":"https:\/\/europehouse.mksq\/offices\/europe-house-in-strumica\/#breadcrumb"},"inLanguage":"sq-AL","potentialAction":[{"@type":"ReadAction","target":["https:\/\/europehouse.mksq\/offices\/europe-house-in-strumica\/"]}]},{"@type":"ImageObject","inLanguage":"sq-AL","@id":"https:\/\/europehouse.mksq\/offices\/europe-house-in-strumica\/#primaryimage","url":"https:\/\/europehouse.mk\/wp-content\/uploads\/2024\/12\/KL-Studio-Europe-House-Strumica-02.jpg","contentUrl":"https:\/\/europehouse.mk\/wp-content\/uploads\/2024\/12\/KL-Studio-Europe-House-Strumica-02.jpg","width":1200,"height":800},{"@type":"BreadcrumbList","@id":"https:\/\/europehouse.mksq\/offices\/europe-house-in-strumica\/#breadcrumb","itemListElement":[{"@type":"ListItem","position":1,"name":"Offices","item":"https:\/\/europehouse.mksq\/offices\/"},{"@type":"ListItem","position":2,"name":"STRUMIC\u00cb"}]},{"@type":"WebSite","@id":"https:\/\/europehouse.mk\/#website","url":"https:\/\/europehouse.mk\/","name":"Europe House","description":"\u0422\u0443\u043a\u0430 \u0437\u0430 \u043c\u043b\u0430\u0434\u0438\u0442\u0435","publisher":{"@id":"https:\/\/europehouse.mk\/#organization"},"potentialAction":[{"@type":"SearchAction","target":{"@type":"EntryPoint","urlTemplate":"https:\/\/europehouse.mk\/?s={search_term_string}"},"query-input":{"@type":"PropertyValueSpecification","valueRequired":true,"valueName":"search_term_string"}}],"inLanguage":"sq-AL"},{"@type":"Organization","@id":"https:\/\/europehouse.mk\/#organization","name":"Europe House","url":"https:\/\/europehouse.mk\/","logo":{"@type":"ImageObject","inLanguage":"sq-AL","@id":"https:\/\/europehouse.mk\/#\/schema\/logo\/image\/","url":"https:\/\/europehouse.mk\/wp-content\/uploads\/2025\/11\/cropped-EUROPE-HOUSE-FB-Profile-Picture-redisign-1-1.jpg","contentUrl":"https:\/\/europehouse.mk\/wp-content\/uploads\/2025\/11\/cropped-EUROPE-HOUSE-FB-Profile-Picture-redisign-1-1.jpg","width":2246,"height":620,"caption":"Europe House"},"image":{"@id":"https:\/\/europehouse.mk\/#\/schema\/logo\/image\/"}}]}},"_links":{"self":[{"href":"https:\/\/europehouse.mk\/sq\/wp-json\/wp\/v2\/pages\/13659","targetHints":{"allow":["GET"]}}],"collection":[{"href":"https:\/\/europehouse.mk\/sq\/wp-json\/wp\/v2\/pages"}],"about":[{"href":"https:\/\/europehouse.mk\/sq\/wp-json\/wp\/v2\/types\/page"}],"author":[{"embeddable":true,"href":"https:\/\/europehouse.mk\/sq\/wp-json\/wp\/v2\/users\/2"}],"replies":[{"embeddable":true,"href":"https:\/\/europehouse.mk\/sq\/wp-json\/wp\/v2\/comments?post=13659"}],"version-history":[{"count":6,"href":"https:\/\/europehouse.mk\/sq\/wp-json\/wp\/v2\/pages\/13659\/revisions"}],"predecessor-version":[{"id":47434,"href":"https:\/\/europehouse.mk\/sq\/wp-json\/wp\/v2\/pages\/13659\/revisions\/47434"}],"up":[{"embeddable":true,"href":"https:\/\/europehouse.mk\/sq\/wp-json\/wp\/v2\/pages\/46474"}],"wp:featuredmedia":[{"embeddable":true,"href":"https:\/\/europehouse.mk\/sq\/wp-json\/wp\/v2\/media\/52715"}],"wp:attachment":[{"href":"https:\/\/europehouse.mk\/sq\/wp-json\/wp\/v2\/media?parent=13659"}],"curies":[{"name":"wp","href":"https:\/\/api.w.org\/{rel}","templated":true}]}}