{"id":13655,"date":"2022-02-15T10:50:27","date_gmt":"2022-02-15T10:50:27","guid":{"rendered":"https:\/\/www.euhouse.mk\/europe-house-in-skopje\/"},"modified":"2024-10-04T13:19:29","modified_gmt":"2024-10-04T13:19:29","slug":"europe-house-in-skopje","status":"publish","type":"page","link":"https:\/\/europehouse.mk\/sq\/offices\/europe-house-in-skopje\/","title":{"rendered":"SHKUP"},"content":{"rendered":"<p>Europe House (ish EU Info Qendra ) \u00ebsht\u00eb e themeluar nga Delegacioni I Bashkimit Evropian n\u00eb Republik\u00ebn e Maqedonis\u00eb s\u00eb Veriut. Europe House Skopje mund\u00ebson nj\u00eb rritje t\u00eb ndjeshme t\u00eb pjes\u00ebmarrjes s\u00eb t\u00eb rinjve n\u00eb proceset vendimmarr\u00ebse dhe krijimin e p\u00ebrmbajtjeve nga fusha t\u00eb ndryshme q\u00eb ushqejn\u00eb idealet evropiane. Duke theksuar rolin e t\u00eb rinjve n\u00eb shoq\u00ebri, nevojat e tyre p\u00ebr nj\u00eb t\u00eb nes\u00ebrme m\u00eb t\u00eb mir\u00eb, qendra mb\u00ebshtet t\u00eb menduarit progresiv, sfidon metodat konvencionale p\u00ebrmes debateve dhe diskutimeve kritike, gjat\u00eb k\u00ebsaj duke prezantuar zgjidhje inovative.<\/p>\n<p>Mir\u00eb se erdh\u00ebt n\u00eb Europe House Shkup \u2013 Vendi i Gjenerat\u00ebs s\u00eb Re!<\/p>\n","protected":false},"excerpt":{"rendered":"<p>Europe House (ish EU Info Qendra ) \u00ebsht\u00eb e themeluar nga Delegacioni I Bashkimit Evropian n\u00eb Republik\u00ebn e Maqedonis\u00eb s\u00eb Veriut. Europe House Skopje mund\u00ebson nj\u00eb rritje t\u00eb ndjeshme t\u00eb pjes\u00ebmarrjes s\u00eb t\u00eb rinjve n\u00eb proceset vendimmarr\u00ebse dhe krijimin e p\u00ebrmbajtjeve nga fusha t\u00eb ndryshme q\u00eb ushqejn\u00eb idealet evropiane. Duke theksuar rolin e t\u00eb rinjve [&hellip;]<\/p>\n","protected":false},"author":2,"featured_media":52727,"parent":46474,"menu_order":37,"comment_status":"closed","ping_status":"closed","template":"page-templates\/simple-inner-template.php","meta":{"inline_featured_image":false,"footnotes":""},"class_list":["post-13655","page","type-page","status-publish","has-post-thumbnail","hentry"],"yoast_head":"<!-- This site is optimized with the Yoast SEO plugin v27.2 - https:\/\/yoast.com\/product\/yoast-seo-wordpress\/ -->\n<title>SHKUP - Europe House<\/title>\n<meta name=\"robots\" content=\"index, follow, max-snippet:-1, max-image-preview:large, max-video-preview:-1\" \/>\n<link rel=\"canonical\" href=\"https:\/\/europehouse.mksq\/offices\/europe-house-in-skopje\/\" \/>\n<meta property=\"og:locale\" content=\"sq_AL\" \/>\n<meta property=\"og:type\" content=\"article\" \/>\n<meta property=\"og:title\" content=\"SHKUP - Europe House\" \/>\n<meta property=\"og:description\" content=\"Europe House (ish EU Info Qendra ) \u00ebsht\u00eb e themeluar nga Delegacioni I Bashkimit Evropian n\u00eb Republik\u00ebn e Maqedonis\u00eb s\u00eb Veriut. Europe House Skopje mund\u00ebson nj\u00eb rritje t\u00eb ndjeshme t\u00eb pjes\u00ebmarrjes s\u00eb t\u00eb rinjve n\u00eb proceset vendimmarr\u00ebse dhe krijimin e p\u00ebrmbajtjeve nga fusha t\u00eb ndryshme q\u00eb ushqejn\u00eb idealet evropiane. Duke theksuar rolin e t\u00eb rinjve [&hellip;]\" \/>\n<meta property=\"og:url\" content=\"https:\/\/europehouse.mksq\/offices\/europe-house-in-skopje\/\" \/>\n<meta property=\"og:site_name\" content=\"Europe House\" \/>\n<meta property=\"article:modified_time\" content=\"2024-10-04T13:19:29+00:00\" \/>\n<meta property=\"og:image\" content=\"https:\/\/europehouse.mkwp-content\/uploads\/2022\/05\/AOGI3593.jpg\" \/>\n\t<meta property=\"og:image:width\" content=\"1024\" \/>\n\t<meta property=\"og:image:height\" content=\"683\" \/>\n\t<meta property=\"og:image:type\" content=\"image\/jpeg\" \/>\n<meta name=\"twitter:card\" content=\"summary_large_image\" \/>\n<meta name=\"twitter:label1\" content=\"Est. reading time\" \/>\n\t<meta name=\"twitter:data1\" content=\"1 minute\" \/>\n<script type=\"application\/ld+json\" class=\"yoast-schema-graph\">{\"@context\":\"https:\/\/schema.org\",\"@graph\":[{\"@type\":\"WebPage\",\"@id\":\"https:\/\/europehouse.mksq\/offices\/europe-house-in-skopje\/\",\"url\":\"https:\/\/europehouse.mksq\/offices\/europe-house-in-skopje\/\",\"name\":\"SHKUP - Europe House\",\"isPartOf\":{\"@id\":\"https:\/\/europehouse.mk\/#website\"},\"primaryImageOfPage\":{\"@id\":\"https:\/\/europehouse.mksq\/offices\/europe-house-in-skopje\/#primaryimage\"},\"image\":{\"@id\":\"https:\/\/europehouse.mksq\/offices\/europe-house-in-skopje\/#primaryimage\"},\"thumbnailUrl\":\"https:\/\/europehouse.mk\/wp-content\/uploads\/2024\/12\/AOGI3593.jpg\",\"datePublished\":\"2022-02-15T10:50:27+00:00\",\"dateModified\":\"2024-10-04T13:19:29+00:00\",\"breadcrumb\":{\"@id\":\"https:\/\/europehouse.mksq\/offices\/europe-house-in-skopje\/#breadcrumb\"},\"inLanguage\":\"sq-AL\",\"potentialAction\":[{\"@type\":\"ReadAction\",\"target\":[\"https:\/\/europehouse.mksq\/offices\/europe-house-in-skopje\/\"]}]},{\"@type\":\"ImageObject\",\"inLanguage\":\"sq-AL\",\"@id\":\"https:\/\/europehouse.mksq\/offices\/europe-house-in-skopje\/#primaryimage\",\"url\":\"https:\/\/europehouse.mk\/wp-content\/uploads\/2024\/12\/AOGI3593.jpg\",\"contentUrl\":\"https:\/\/europehouse.mk\/wp-content\/uploads\/2024\/12\/AOGI3593.jpg\",\"width\":1024,\"height\":683},{\"@type\":\"BreadcrumbList\",\"@id\":\"https:\/\/europehouse.mksq\/offices\/europe-house-in-skopje\/#breadcrumb\",\"itemListElement\":[{\"@type\":\"ListItem\",\"position\":1,\"name\":\"Offices\",\"item\":\"https:\/\/europehouse.mksq\/offices\/\"},{\"@type\":\"ListItem\",\"position\":2,\"name\":\"SHKUP\"}]},{\"@type\":\"WebSite\",\"@id\":\"https:\/\/europehouse.mk\/#website\",\"url\":\"https:\/\/europehouse.mk\/\",\"name\":\"Europe House\",\"description\":\"\u0422\u0443\u043a\u0430 \u0437\u0430 \u043c\u043b\u0430\u0434\u0438\u0442\u0435\",\"publisher\":{\"@id\":\"https:\/\/europehouse.mk\/#organization\"},\"potentialAction\":[{\"@type\":\"SearchAction\",\"target\":{\"@type\":\"EntryPoint\",\"urlTemplate\":\"https:\/\/europehouse.mk\/?s={search_term_string}\"},\"query-input\":{\"@type\":\"PropertyValueSpecification\",\"valueRequired\":true,\"valueName\":\"search_term_string\"}}],\"inLanguage\":\"sq-AL\"},{\"@type\":\"Organization\",\"@id\":\"https:\/\/europehouse.mk\/#organization\",\"name\":\"Europe House\",\"url\":\"https:\/\/europehouse.mk\/\",\"logo\":{\"@type\":\"ImageObject\",\"inLanguage\":\"sq-AL\",\"@id\":\"https:\/\/europehouse.mk\/#\/schema\/logo\/image\/\",\"url\":\"https:\/\/europehouse.mk\/wp-content\/uploads\/2025\/11\/cropped-EUROPE-HOUSE-FB-Profile-Picture-redisign-1-1.jpg\",\"contentUrl\":\"https:\/\/europehouse.mk\/wp-content\/uploads\/2025\/11\/cropped-EUROPE-HOUSE-FB-Profile-Picture-redisign-1-1.jpg\",\"width\":2246,\"height\":620,\"caption\":\"Europe House\"},\"image\":{\"@id\":\"https:\/\/europehouse.mk\/#\/schema\/logo\/image\/\"}}]}<\/script>\n<!-- \/ Yoast SEO plugin. -->","yoast_head_json":{"title":"SHKUP - Europe House","robots":{"index":"index","follow":"follow","max-snippet":"max-snippet:-1","max-image-preview":"max-image-preview:large","max-video-preview":"max-video-preview:-1"},"canonical":"https:\/\/europehouse.mksq\/offices\/europe-house-in-skopje\/","og_locale":"sq_AL","og_type":"article","og_title":"SHKUP - Europe House","og_description":"Europe House (ish EU Info Qendra ) \u00ebsht\u00eb e themeluar nga Delegacioni I Bashkimit Evropian n\u00eb Republik\u00ebn e Maqedonis\u00eb s\u00eb Veriut. Europe House Skopje mund\u00ebson nj\u00eb rritje t\u00eb ndjeshme t\u00eb pjes\u00ebmarrjes s\u00eb t\u00eb rinjve n\u00eb proceset vendimmarr\u00ebse dhe krijimin e p\u00ebrmbajtjeve nga fusha t\u00eb ndryshme q\u00eb ushqejn\u00eb idealet evropiane. Duke theksuar rolin e t\u00eb rinjve [&hellip;]","og_url":"https:\/\/europehouse.mksq\/offices\/europe-house-in-skopje\/","og_site_name":"Europe House","article_modified_time":"2024-10-04T13:19:29+00:00","og_image":[{"width":1024,"height":683,"url":"https:\/\/europehouse.mkwp-content\/uploads\/2022\/05\/AOGI3593.jpg","type":"image\/jpeg"}],"twitter_card":"summary_large_image","twitter_misc":{"Est. reading time":"1 minute"},"schema":{"@context":"https:\/\/schema.org","@graph":[{"@type":"WebPage","@id":"https:\/\/europehouse.mksq\/offices\/europe-house-in-skopje\/","url":"https:\/\/europehouse.mksq\/offices\/europe-house-in-skopje\/","name":"SHKUP - Europe House","isPartOf":{"@id":"https:\/\/europehouse.mk\/#website"},"primaryImageOfPage":{"@id":"https:\/\/europehouse.mksq\/offices\/europe-house-in-skopje\/#primaryimage"},"image":{"@id":"https:\/\/europehouse.mksq\/offices\/europe-house-in-skopje\/#primaryimage"},"thumbnailUrl":"https:\/\/europehouse.mk\/wp-content\/uploads\/2024\/12\/AOGI3593.jpg","datePublished":"2022-02-15T10:50:27+00:00","dateModified":"2024-10-04T13:19:29+00:00","breadcrumb":{"@id":"https:\/\/europehouse.mksq\/offices\/europe-house-in-skopje\/#breadcrumb"},"inLanguage":"sq-AL","potentialAction":[{"@type":"ReadAction","target":["https:\/\/europehouse.mksq\/offices\/europe-house-in-skopje\/"]}]},{"@type":"ImageObject","inLanguage":"sq-AL","@id":"https:\/\/europehouse.mksq\/offices\/europe-house-in-skopje\/#primaryimage","url":"https:\/\/europehouse.mk\/wp-content\/uploads\/2024\/12\/AOGI3593.jpg","contentUrl":"https:\/\/europehouse.mk\/wp-content\/uploads\/2024\/12\/AOGI3593.jpg","width":1024,"height":683},{"@type":"BreadcrumbList","@id":"https:\/\/europehouse.mksq\/offices\/europe-house-in-skopje\/#breadcrumb","itemListElement":[{"@type":"ListItem","position":1,"name":"Offices","item":"https:\/\/europehouse.mksq\/offices\/"},{"@type":"ListItem","position":2,"name":"SHKUP"}]},{"@type":"WebSite","@id":"https:\/\/europehouse.mk\/#website","url":"https:\/\/europehouse.mk\/","name":"Europe House","description":"\u0422\u0443\u043a\u0430 \u0437\u0430 \u043c\u043b\u0430\u0434\u0438\u0442\u0435","publisher":{"@id":"https:\/\/europehouse.mk\/#organization"},"potentialAction":[{"@type":"SearchAction","target":{"@type":"EntryPoint","urlTemplate":"https:\/\/europehouse.mk\/?s={search_term_string}"},"query-input":{"@type":"PropertyValueSpecification","valueRequired":true,"valueName":"search_term_string"}}],"inLanguage":"sq-AL"},{"@type":"Organization","@id":"https:\/\/europehouse.mk\/#organization","name":"Europe House","url":"https:\/\/europehouse.mk\/","logo":{"@type":"ImageObject","inLanguage":"sq-AL","@id":"https:\/\/europehouse.mk\/#\/schema\/logo\/image\/","url":"https:\/\/europehouse.mk\/wp-content\/uploads\/2025\/11\/cropped-EUROPE-HOUSE-FB-Profile-Picture-redisign-1-1.jpg","contentUrl":"https:\/\/europehouse.mk\/wp-content\/uploads\/2025\/11\/cropped-EUROPE-HOUSE-FB-Profile-Picture-redisign-1-1.jpg","width":2246,"height":620,"caption":"Europe House"},"image":{"@id":"https:\/\/europehouse.mk\/#\/schema\/logo\/image\/"}}]}},"_links":{"self":[{"href":"https:\/\/europehouse.mk\/sq\/wp-json\/wp\/v2\/pages\/13655","targetHints":{"allow":["GET"]}}],"collection":[{"href":"https:\/\/europehouse.mk\/sq\/wp-json\/wp\/v2\/pages"}],"about":[{"href":"https:\/\/europehouse.mk\/sq\/wp-json\/wp\/v2\/types\/page"}],"author":[{"embeddable":true,"href":"https:\/\/europehouse.mk\/sq\/wp-json\/wp\/v2\/users\/2"}],"replies":[{"embeddable":true,"href":"https:\/\/europehouse.mk\/sq\/wp-json\/wp\/v2\/comments?post=13655"}],"version-history":[{"count":12,"href":"https:\/\/europehouse.mk\/sq\/wp-json\/wp\/v2\/pages\/13655\/revisions"}],"predecessor-version":[{"id":47427,"href":"https:\/\/europehouse.mk\/sq\/wp-json\/wp\/v2\/pages\/13655\/revisions\/47427"}],"up":[{"embeddable":true,"href":"https:\/\/europehouse.mk\/sq\/wp-json\/wp\/v2\/pages\/46474"}],"wp:featuredmedia":[{"embeddable":true,"href":"https:\/\/europehouse.mk\/sq\/wp-json\/wp\/v2\/media\/52727"}],"wp:attachment":[{"href":"https:\/\/europehouse.mk\/sq\/wp-json\/wp\/v2\/media?parent=13655"}],"curies":[{"name":"wp","href":"https:\/\/api.w.org\/{rel}","templated":true}]}}